{"id":331,"date":"2023-03-15T15:42:53","date_gmt":"2023-03-15T15:42:53","guid":{"rendered":"https:\/\/clf4d.dev\/aurora\/home\/"},"modified":"2023-03-20T14:18:37","modified_gmt":"2023-03-20T14:18:37","slug":"home","status":"publish","type":"page","link":"https:\/\/clf4d.dev\/aurora\/it\/","title":{"rendered":"Home"},"content":{"rendered":"<style>\/*! elementor - v3.11.5 - 14-03-2023 *\/\n.elementor-widget-divider{--divider-border-style:none;--divider-border-width:1px;--divider-color:#2c2c2c;--divider-icon-size:20px;--divider-element-spacing:10px;--divider-pattern-height:24px;--divider-pattern-size:20px;--divider-pattern-url:none;--divider-pattern-repeat:repeat-x}.elementor-widget-divider .elementor-divider{display:flex}.elementor-widget-divider .elementor-divider__text{font-size:15px;line-height:1;max-width:95%}.elementor-widget-divider .elementor-divider__element{margin:0 var(--divider-element-spacing);flex-shrink:0}.elementor-widget-divider .elementor-icon{font-size:var(--divider-icon-size)}.elementor-widget-divider .elementor-divider-separator{display:flex;margin:0;direction:ltr}.elementor-widget-divider--view-line_icon .elementor-divider-separator,.elementor-widget-divider--view-line_text .elementor-divider-separator{align-items:center}.elementor-widget-divider--view-line_icon .elementor-divider-separator:after,.elementor-widget-divider--view-line_icon .elementor-divider-separator:before,.elementor-widget-divider--view-line_text .elementor-divider-separator:after,.elementor-widget-divider--view-line_text .elementor-divider-separator:before{display:block;content:\"\";border-bottom:0;flex-grow:1;border-top:var(--divider-border-width) var(--divider-border-style) var(--divider-color)}.elementor-widget-divider--element-align-left .elementor-divider .elementor-divider-separator>.elementor-divider__svg:first-of-type{flex-grow:0;flex-shrink:100}.elementor-widget-divider--element-align-left .elementor-divider-separator:before{content:none}.elementor-widget-divider--element-align-left .elementor-divider__element{margin-left:0}.elementor-widget-divider--element-align-right .elementor-divider .elementor-divider-separator>.elementor-divider__svg:last-of-type{flex-grow:0;flex-shrink:100}.elementor-widget-divider--element-align-right .elementor-divider-separator:after{content:none}.elementor-widget-divider--element-align-right .elementor-divider__element{margin-right:0}.elementor-widget-divider:not(.elementor-widget-divider--view-line_text):not(.elementor-widget-divider--view-line_icon) .elementor-divider-separator{border-top:var(--divider-border-width) var(--divider-border-style) var(--divider-color)}.elementor-widget-divider--separator-type-pattern{--divider-border-style:none}.elementor-widget-divider--separator-type-pattern.elementor-widget-divider--view-line .elementor-divider-separator,.elementor-widget-divider--separator-type-pattern:not(.elementor-widget-divider--view-line) .elementor-divider-separator:after,.elementor-widget-divider--separator-type-pattern:not(.elementor-widget-divider--view-line) .elementor-divider-separator:before,.elementor-widget-divider--separator-type-pattern:not([class*=elementor-widget-divider--view]) .elementor-divider-separator{width:100%;min-height:var(--divider-pattern-height);-webkit-mask-size:var(--divider-pattern-size) 100%;mask-size:var(--divider-pattern-size) 100%;-webkit-mask-repeat:var(--divider-pattern-repeat);mask-repeat:var(--divider-pattern-repeat);background-color:var(--divider-color);-webkit-mask-image:var(--divider-pattern-url);mask-image:var(--divider-pattern-url)}.elementor-widget-divider--no-spacing{--divider-pattern-size:auto}.elementor-widget-divider--bg-round{--divider-pattern-repeat:round}.rtl .elementor-widget-divider .elementor-divider__text{direction:rtl}.e-con-inner>.elementor-widget-divider,.e-con>.elementor-widget-divider{width:var(--container-widget-width,100%);--flex-grow:var(--container-widget-flex-grow)}<\/style>\n<h2>\n\t\t\t\tProgetto\t\t\t\t<\/h2>\n<style>\/*! elementor - v3.11.5 - 14-03-2023 *\/\n.elementor-widget-image{text-align:center}.elementor-widget-image a{display:inline-block}.elementor-widget-image a img[src$=\".svg\"]{width:48px}.elementor-widget-image img{vertical-align:middle;display:inline-block}<\/style>\n<p>\t\t\t\t\t\t\t\t\t\t\t\t<img loading=\"lazy\" decoding=\"async\" width=\"512\" height=\"512\" src=\"https:\/\/clf4d.dev\/aurora\/wp-content\/uploads\/2023\/03\/aurora_logo.png\" alt=\"\" loading=\"lazy\" srcset=\"https:\/\/clf4d.dev\/aurora\/wp-content\/uploads\/2023\/03\/aurora_logo.png 512w, https:\/\/clf4d.dev\/aurora\/wp-content\/uploads\/2023\/03\/aurora_logo-300x300.png 300w, https:\/\/clf4d.dev\/aurora\/wp-content\/uploads\/2023\/03\/aurora_logo-150x150.png 150w\" sizes=\"auto, (max-width: 512px) 100vw, 512px\" \/><br \/>\n\t\tIl progetto AURORA &#8211; Augmented Reality OERs Design for Territorial Attractiveness mira a fornire agli studenti le competenze tecniche di base per aumentare le loro opportunit\u00e0 di lavoro nel settore turistico e culturale. Il marketing aumentato si sta diffondendo sempre pi\u00f9 velocemente, soprattutto nel settore turistico, e la necessit\u00e0 di applicare strategie di marketing esperienziale sta crescendo. In questo senso, nuove professioni saranno molto richieste in futuro<br \/>\n\t\t\t<a href=\"\/it\/about\" role=\"button\"><br \/>\n\t\t\t\t\t\tLeggi tutto >><br \/>\n\t\t\t\t\t<\/a><\/p>\n<h2>\n\t\t\t\tPartners\t\t\t\t<\/h2>\n<link rel=\"stylesheet\" href=\"https:\/\/clf4d.dev\/aurora\/wp-content\/plugins\/elementor-pro\/assets\/css\/widget-flip-box.min.css\">\n\t\t\t\t\t\t\t\t<img loading=\"lazy\" decoding=\"async\" width=\"500\" height=\"500\" src=\"https:\/\/clf4d.dev\/aurora\/wp-content\/uploads\/2023\/03\/crhacklab_logo.png\" alt=\"\" loading=\"lazy\" srcset=\"https:\/\/clf4d.dev\/aurora\/wp-content\/uploads\/2023\/03\/crhacklab_logo.png 500w, https:\/\/clf4d.dev\/aurora\/wp-content\/uploads\/2023\/03\/crhacklab_logo-300x300.png 300w, https:\/\/clf4d.dev\/aurora\/wp-content\/uploads\/2023\/03\/crhacklab_logo-150x150.png 150w\" sizes=\"auto, (max-width: 500px) 100vw, 500px\" \/>\t\t\t\t\t\t\t<\/p>\n<h3>\n\t\t\t\t\t\t\tCrhack Lab Foligno 4D\t\t\t\t\t\t<\/h3>\n<p>\t\t\t\t\t\t\t\t\t\t\t<a href=\"\/aurora\/it\/partners\/crhack-lab-foligno-4d\/\"><br \/>\n\t\t\t\t\t\t\tPi\u00f9 info\t\t\t\t\t\t<\/a><br \/>\n\t\t\t\t\t\t\t\t<img loading=\"lazy\" decoding=\"async\" width=\"500\" height=\"500\" src=\"https:\/\/clf4d.dev\/aurora\/wp-content\/uploads\/2023\/03\/giano_logo.png\" alt=\"\" loading=\"lazy\" srcset=\"https:\/\/clf4d.dev\/aurora\/wp-content\/uploads\/2023\/03\/giano_logo.png 500w, https:\/\/clf4d.dev\/aurora\/wp-content\/uploads\/2023\/03\/giano_logo-300x300.png 300w, https:\/\/clf4d.dev\/aurora\/wp-content\/uploads\/2023\/03\/giano_logo-150x150.png 150w\" sizes=\"auto, (max-width: 500px) 100vw, 500px\" \/>\t\t\t\t\t\t\t<\/p>\n<h3>\n\t\t\t\t\t\t\tIstituto<br \/>omnicomprensivo<br \/>Giano dell&#8217;Umbria<br \/>Bastardo\t\t\t\t\t\t<\/h3>\n<p>\t\t\t\t\t\t\t\t\t\t\t<a href=\"\/aurora\/it\/partners\/io-giano\/\"><br \/>\n\t\t\t\t\t\t\tPi\u00f9 info\t\t\t\t\t\t<\/a><br \/>\n\t\t\t\t\t\t\t\t<img loading=\"lazy\" decoding=\"async\" width=\"500\" height=\"500\" src=\"https:\/\/clf4d.dev\/aurora\/wp-content\/uploads\/2023\/03\/pressure_line_logo.png\" alt=\"\" loading=\"lazy\" srcset=\"https:\/\/clf4d.dev\/aurora\/wp-content\/uploads\/2023\/03\/pressure_line_logo.png 500w, https:\/\/clf4d.dev\/aurora\/wp-content\/uploads\/2023\/03\/pressure_line_logo-300x300.png 300w, https:\/\/clf4d.dev\/aurora\/wp-content\/uploads\/2023\/03\/pressure_line_logo-150x150.png 150w\" sizes=\"auto, (max-width: 500px) 100vw, 500px\" \/>\t\t\t\t\t\t\t<\/p>\n<h3>\n\t\t\t\t\t\t\tPressure Line\t\t\t\t\t\t<\/h3>\n<p>\t\t\t\t\t\t\t\t\t\t\t<a href=\"\/aurora\/it\/partners\/pressure-line\/\"><br \/>\n\t\t\t\t\t\t\tPi\u00f9 info\t\t\t\t\t\t<\/a><br \/>\n\t\t\t\t\t\t\t\t<img loading=\"lazy\" decoding=\"async\" width=\"500\" height=\"500\" src=\"https:\/\/clf4d.dev\/aurora\/wp-content\/uploads\/2023\/03\/cdea_logo.png\" alt=\"\" loading=\"lazy\" srcset=\"https:\/\/clf4d.dev\/aurora\/wp-content\/uploads\/2023\/03\/cdea_logo.png 500w, https:\/\/clf4d.dev\/aurora\/wp-content\/uploads\/2023\/03\/cdea_logo-300x300.png 300w, https:\/\/clf4d.dev\/aurora\/wp-content\/uploads\/2023\/03\/cdea_logo-150x150.png 150w\" sizes=\"auto, (max-width: 500px) 100vw, 500px\" \/>\t\t\t\t\t\t\t<\/p>\n<h3>\n\t\t\t\t\t\t\tCdea\t\t\t\t\t\t<\/h3>\n<p>\t\t\t\t\t\t\t\t\t\t\t<a href=\"\/aurora\/it\/partners\/cebank\/\"><br \/>\n\t\t\t\t\t\t\tPi\u00f9 info\t\t\t\t\t\t<\/a><\/p>\n<h2>\n\t\t\t\tultime news\t\t\t\t<\/h2>\n","protected":false},"excerpt":{"rendered":"<p>Progetto Il progetto AURORA &#8211; Augmented Reality OERs Design for Territorial Attractiveness mira a fornire agli studenti le competenze tecniche di base per aumentare le loro opportunit\u00e0 di lavoro nel settore turistico e culturale. Il marketing aumentato si sta diffondendo sempre pi\u00f9 velocemente, soprattutto nel settore turistico, e la necessit\u00e0 di applicare strategie di marketing [&hellip;]<\/p>\n","protected":false},"author":1,"featured_media":0,"parent":0,"menu_order":0,"comment_status":"closed","ping_status":"closed","template":"","meta":{"footnotes":""},"class_list":["post-331","page","type-page","status-publish","hentry"],"_links":{"self":[{"href":"https:\/\/clf4d.dev\/aurora\/it\/wp-json\/wp\/v2\/pages\/331","targetHints":{"allow":["GET"]}}],"collection":[{"href":"https:\/\/clf4d.dev\/aurora\/it\/wp-json\/wp\/v2\/pages"}],"about":[{"href":"https:\/\/clf4d.dev\/aurora\/it\/wp-json\/wp\/v2\/types\/page"}],"author":[{"embeddable":true,"href":"https:\/\/clf4d.dev\/aurora\/it\/wp-json\/wp\/v2\/users\/1"}],"replies":[{"embeddable":true,"href":"https:\/\/clf4d.dev\/aurora\/it\/wp-json\/wp\/v2\/comments?post=331"}],"version-history":[{"count":9,"href":"https:\/\/clf4d.dev\/aurora\/it\/wp-json\/wp\/v2\/pages\/331\/revisions"}],"predecessor-version":[{"id":510,"href":"https:\/\/clf4d.dev\/aurora\/it\/wp-json\/wp\/v2\/pages\/331\/revisions\/510"}],"wp:attachment":[{"href":"https:\/\/clf4d.dev\/aurora\/it\/wp-json\/wp\/v2\/media?parent=331"}],"curies":[{"name":"wp","href":"https:\/\/api.w.org\/{rel}","templated":true}]}}