{"id":321,"date":"2023-03-15T15:43:46","date_gmt":"2023-03-15T15:43:46","guid":{"rendered":"https:\/\/clf4d.dev\/aurora\/resources\/"},"modified":"2023-03-20T11:18:18","modified_gmt":"2023-03-20T11:18:18","slug":"risorse","status":"publish","type":"page","link":"https:\/\/clf4d.dev\/aurora\/it\/risorse\/","title":{"rendered":"Risorse"},"content":{"rendered":"\t\t<div data-elementor-type=\"wp-page\" data-elementor-id=\"321\" class=\"elementor elementor-321 elementor-47\" data-elementor-post-type=\"page\">\n\t\t\t\t\t\t<section class=\"elementor-section elementor-top-section elementor-element elementor-element-4fad738 elementor-section-boxed elementor-section-height-default elementor-section-height-default\" data-id=\"4fad738\" data-element_type=\"section\" data-e-type=\"section\">\n\t\t\t\t\t\t<div class=\"elementor-container elementor-column-gap-default\">\n\t\t\t\t\t<div class=\"elementor-column elementor-col-100 elementor-top-column elementor-element elementor-element-da90422\" data-id=\"da90422\" data-element_type=\"column\" data-e-type=\"column\">\n\t\t\t<div class=\"elementor-widget-wrap elementor-element-populated\">\n\t\t\t\t\t\t<div class=\"elementor-element elementor-element-83d8fc2 elementor-widget elementor-widget-text-editor\" data-id=\"83d8fc2\" data-element_type=\"widget\" data-e-type=\"widget\" data-widget_type=\"text-editor.default\">\n\t\t\t\t<div class=\"elementor-widget-container\">\n\t\t\t\t\t\t\t\t\t<p>La pandemia ha evidenziato la necessit\u00e0 di livelli pi\u00f9 elevati di capacit\u00e0 digitale nell&#8217;istruzione e nella formazione, nonch\u00e9 una serie di sfide per i sistemi di istruzione e formazione relative alle capacit\u00e0 digitali delle istituzioni scolastiche, alla formazione degli insegnanti e ai livelli generali di abilit\u00e0 e competenze digitali. Secondo l&#8217;International Computer and Information Literacy Study (ICILS), nel 2018 pi\u00f9 di un terzo dei giovani non possedeva il livello pi\u00f9 elementare di competenze digitali.<\/p><p><span style=\"color: var( --e-global-color-text ); font-family: var( --e-global-typography-text-font-family ), Sans-serif; font-weight: var( --e-global-typography-text-font-weight );\">Il Parlamento europeo ha sempre incoraggiato gli Stati membri a integrare l&#8217;acquisizione di competenze digitali nei programmi scolastici, a migliorare le attrezzature tecniche necessarie e sottolinea che i programmi di istruzione e formazione dovrebbero mirare a sviluppare un approccio critico all&#8217;uso e una comprensione approfondita dei nuovi media e dei dispositivi digitali e informativi, in modo che le persone possano essere utenti attivi di queste nuove tecnologie e non semplici utenti finali. Allo stesso modo, risulta di estrema importanza un&#8217;adeguata formazione degli insegnanti su come insegnare queste competenze digitali agli studenti in modo efficace ed efficiente.<\/span><\/p><p><span style=\"color: var( --e-global-color-text ); font-family: var( --e-global-typography-text-font-family ), Sans-serif; font-weight: var( --e-global-typography-text-font-weight );\">Allo stesso modo, il marketing aumentato si sta diffondendo sempre pi\u00f9 rapidamente, non solo nelle aziende che producono beni tangibili, ma anche e soprattutto nel settore del turismo, che si trova a dover cambiare il proprio modo di operare cercando di utilizzare strategie e attivit\u00e0 di marketing esperienziale per migliorare le proprie entrate e cercare nuovi clienti.<\/span><\/p><p><span style=\"color: var( --e-global-color-text ); font-family: var( --e-global-typography-text-font-family ), Sans-serif; font-weight: var( --e-global-typography-text-font-weight );\">Da queste idee \u00e8 nato il progetto AURORA (AUgmented Reality OERs for Regional Attractiveness), che si propone di:<\/span><\/p><ul><li><span style=\"color: var( --e-global-color-text ); font-family: var( --e-global-typography-text-font-family ), Sans-serif; font-weight: var( --e-global-typography-text-font-weight );\">fornire agli studenti competenze tecniche di base spendibili nel mercato del lavoro per nuove professioni nel settore turistico e culturale;<\/span><\/li><li>mettere in contatto gli studenti con le aziende del territorio, interpretando le loro esigenze e comprendendo le reali possibilit\u00e0 di occupazione e sviluppo future;<\/li><li>contribuire alla valorizzazione del patrimonio culturale locale ed europeo, mettendo al centro gli studenti attraverso lo scambio di valori europei.<\/li><\/ul>\t\t\t\t\t\t\t\t<\/div>\n\t\t\t\t<\/div>\n\t\t\t\t\t<\/div>\n\t\t<\/div>\n\t\t\t\t\t<\/div>\n\t\t<\/section>\n\t\t\t\t<section class=\"elementor-section elementor-top-section elementor-element elementor-element-0af5eb6 elementor-section-full_width elementor-section-height-min-height elementor-section-height-default elementor-section-items-middle\" data-id=\"0af5eb6\" data-element_type=\"section\" data-e-type=\"section\" data-settings=\"{&quot;background_background&quot;:&quot;classic&quot;,&quot;background_motion_fx_motion_fx_scrolling&quot;:&quot;yes&quot;,&quot;background_motion_fx_translateY_effect&quot;:&quot;yes&quot;,&quot;background_motion_fx_translateY_speed&quot;:{&quot;unit&quot;:&quot;px&quot;,&quot;size&quot;:4,&quot;sizes&quot;:[]},&quot;background_motion_fx_translateY_affectedRange&quot;:{&quot;unit&quot;:&quot;%&quot;,&quot;size&quot;:&quot;&quot;,&quot;sizes&quot;:{&quot;start&quot;:0,&quot;end&quot;:100}},&quot;background_motion_fx_devices&quot;:[&quot;desktop&quot;,&quot;tablet&quot;,&quot;mobile&quot;]}\">\n\t\t\t\t\t\t<div class=\"elementor-container elementor-column-gap-no\">\n\t\t\t\t\t<div class=\"elementor-column elementor-col-100 elementor-top-column elementor-element elementor-element-d72d019\" data-id=\"d72d019\" data-element_type=\"column\" data-e-type=\"column\">\n\t\t\t<div class=\"elementor-widget-wrap\">\n\t\t\t\t\t\t\t<\/div>\n\t\t<\/div>\n\t\t\t\t\t<\/div>\n\t\t<\/section>\n\t\t\t\t<section class=\"elementor-section elementor-top-section elementor-element elementor-element-8cb8979 elementor-section-boxed elementor-section-height-default elementor-section-height-default\" data-id=\"8cb8979\" data-element_type=\"section\" data-e-type=\"section\">\n\t\t\t\t\t\t<div class=\"elementor-container elementor-column-gap-default\">\n\t\t\t\t\t<div class=\"elementor-column elementor-col-100 elementor-top-column elementor-element elementor-element-b37b28a\" data-id=\"b37b28a\" data-element_type=\"column\" data-e-type=\"column\">\n\t\t\t<div class=\"elementor-widget-wrap elementor-element-populated\">\n\t\t\t\t\t\t<div class=\"elementor-element elementor-element-43415af elementor-widget elementor-widget-text-editor\" data-id=\"43415af\" data-element_type=\"widget\" data-e-type=\"widget\" data-widget_type=\"text-editor.default\">\n\t\t\t\t<div class=\"elementor-widget-container\">\n\t\t\t\t\t\t\t\t\t<p>L&#8217;International Computer and Information Literacy Study (ICILS) del 2018 ha rilevato che:<\/p><ul><li>il 18% degli studenti che hanno partecipato allo studio non \u00e8 riuscito a raggiungere nemmeno il livello pi\u00f9 basso della scala CIL, che richiedeva di dimostrare una conoscenza funzionale e operativa del computer come strumento<\/li><li>Il 25% degli studenti ha raggiunto il livello CIL pi\u00f9 basso.<\/li><li>Solo il 2% degli studenti ha raggiunto il livello pi\u00f9 alto di abilit\u00e0 CIL.<\/li><li>Divario digitale: gli studenti provenienti da contesti socioeconomici pi\u00f9 elevati hanno ottenuto punteggi CIL significativamente pi\u00f9 alti.<\/li><\/ul><p><span style=\"background-color: transparent; color: var( --e-global-color-text ); font-family: var( --e-global-typography-text-font-family ), Sans-serif; font-weight: var( --e-global-typography-text-font-weight );\">\u00a0<\/span><\/p><p><span style=\"background-color: transparent; color: var( --e-global-color-text ); font-family: var( --e-global-typography-text-font-family ), Sans-serif; font-weight: var( --e-global-typography-text-font-weight );\">Oggi pi\u00f9 che mai \u00e8 fondamentale integrare i temi della cultura e delle competenze digitali all&#8217;interno dei percorsi educativi in modo da rispondere alle sfide e alle esigenze della trasformazione digitale della societ\u00e0, dell&#8217;economia e del mercato del lavoro.<\/span><\/p><p><span style=\"color: var( --e-global-color-text ); font-family: var( --e-global-typography-text-font-family ), Sans-serif; font-weight: var( --e-global-typography-text-font-weight );\">Il progetto AURORA \u00e8 una declinazione di questa priorit\u00e0 nell&#8217;ambito del marketing territoriale, per fornire agli studenti competenze tecniche di base spendibili sul mercato del lavoro per nuove professioni nel settore turistico e culturale.<\/span><\/p>\t\t\t\t\t\t\t\t<\/div>\n\t\t\t\t<\/div>\n\t\t\t\t\t<\/div>\n\t\t<\/div>\n\t\t\t\t\t<\/div>\n\t\t<\/section>\n\t\t\t\t<section class=\"elementor-section elementor-top-section elementor-element elementor-element-dd3096e elementor-section-full_width elementor-section-height-min-height elementor-section-height-default elementor-section-items-middle\" data-id=\"dd3096e\" data-element_type=\"section\" data-e-type=\"section\" data-settings=\"{&quot;background_background&quot;:&quot;classic&quot;,&quot;background_motion_fx_motion_fx_scrolling&quot;:&quot;yes&quot;,&quot;background_motion_fx_translateY_effect&quot;:&quot;yes&quot;,&quot;background_motion_fx_translateY_speed&quot;:{&quot;unit&quot;:&quot;px&quot;,&quot;size&quot;:4,&quot;sizes&quot;:[]},&quot;background_motion_fx_translateY_affectedRange&quot;:{&quot;unit&quot;:&quot;%&quot;,&quot;size&quot;:&quot;&quot;,&quot;sizes&quot;:{&quot;start&quot;:0,&quot;end&quot;:100}},&quot;background_motion_fx_devices&quot;:[&quot;desktop&quot;,&quot;tablet&quot;,&quot;mobile&quot;]}\">\n\t\t\t\t\t\t<div class=\"elementor-container elementor-column-gap-no\">\n\t\t\t\t\t<div class=\"elementor-column elementor-col-100 elementor-top-column elementor-element elementor-element-2ab16c3\" data-id=\"2ab16c3\" data-element_type=\"column\" data-e-type=\"column\">\n\t\t\t<div class=\"elementor-widget-wrap\">\n\t\t\t\t\t\t\t<\/div>\n\t\t<\/div>\n\t\t\t\t\t<\/div>\n\t\t<\/section>\n\t\t\t\t<section class=\"elementor-section elementor-top-section elementor-element elementor-element-a46ecab elementor-section-boxed elementor-section-height-default elementor-section-height-default\" data-id=\"a46ecab\" data-element_type=\"section\" data-e-type=\"section\">\n\t\t\t\t\t\t<div class=\"elementor-container elementor-column-gap-default\">\n\t\t\t\t\t<div class=\"elementor-column elementor-col-100 elementor-top-column elementor-element elementor-element-bb78324\" data-id=\"bb78324\" data-element_type=\"column\" data-e-type=\"column\">\n\t\t\t<div class=\"elementor-widget-wrap elementor-element-populated\">\n\t\t\t\t\t\t<div class=\"elementor-element elementor-element-ff0ac1c elementor-widget elementor-widget-text-editor\" data-id=\"ff0ac1c\" data-element_type=\"widget\" data-e-type=\"widget\" data-widget_type=\"text-editor.default\">\n\t\t\t\t<div class=\"elementor-widget-container\">\n\t\t\t\t\t\t\t\t\t<p>Il progetto AURORA, acronimo di AUgmented Reality OERs design for teRritorial Attractiveness, \u00e8 un&#8217;iniziativa innovativa che risponde alla domanda di trasformazione digitale e di istruzione e formazione professionale nei settori del turismo e della cultura. Il progetto intende mettere in contatto gli studenti con le imprese locali, fornire loro le competenze tecniche fondamentali per nuove carriere nel settore e contribuire alla conservazione del patrimonio culturale regionale ed europeo.<\/p><p><span style=\"color: var( --e-global-color-text ); font-family: var( --e-global-typography-text-font-family ), Sans-serif; font-weight: var( --e-global-typography-text-font-weight );\">Le tecnologie emergenti come le API di viaggio, la realt\u00e0 aumentata (AR) e la realt\u00e0 virtuale (VR) possono avere un grande impatto sul futuro sviluppo dell&#8217;industria turistica, in linea con gli obiettivi del progetto. Queste tecnologie sono tra le nove principali tendenze tecnologiche del turismo, secondo un recente post su Shoocal.<\/span><\/p><p><span style=\"color: var( --e-global-color-text ); font-family: var( --e-global-typography-text-font-family ), Sans-serif; font-weight: var( --e-global-typography-text-font-weight );\">In particolare, le API di viaggio sono una parte cruciale del settore turistico, in quanto consentono alle aziende di accedere e incorporare nei loro siti web e nelle loro applicazioni i dati relativi ai viaggi, tra cui informazioni sui voli, prenotazioni alberghiere e pacchetti turistici. L&#8217;uso di questa tecnologia pu\u00f2 rendere pi\u00f9 facile per chi lavora nel settore turistico servire i clienti in modo pi\u00f9 efficace e personalizzato.<\/span><\/p><p><span style=\"color: var( --e-global-color-text ); font-family: var( --e-global-typography-text-font-family ), Sans-serif; font-weight: var( --e-global-typography-text-font-weight );\">D&#8217;altra parte, le esperienze di viaggio dei viaggiatori possono essere migliorate grazie alle esperienze immersive e interattive fornite da AR e VR. Con l&#8217;aiuto di queste tecnologie, siti storici, patrimonio culturale e altre attrazioni turistiche possono essere mostrati in modo interessante e all&#8217;avanguardia.<\/span><\/p><p><span style=\"color: var( --e-global-color-text ); font-family: var( --e-global-typography-text-font-family ), Sans-serif; font-weight: var( --e-global-typography-text-font-weight );\">Il progetto AURORA comprende quanto sia cruciale includere queste tecnologie all&#8217;avanguardia nell&#8217;educazione pratica e nella formazione degli studenti delle industrie turistiche e culturali. Il progetto pu\u00f2 aiutare gli studenti a prepararsi per il futuro del settore, che sicuramente si baser\u00e0 in modo significativo sulla tecnologia digitale, fornendo loro le conoscenze tecniche e le competenze necessarie.<\/span><\/p><p><span style=\"color: var( --e-global-color-text ); font-family: var( --e-global-typography-text-font-family ), Sans-serif; font-weight: var( --e-global-typography-text-font-weight );\">In conclusione, iniziative come il progetto AURORA possono svolgere un ruolo cruciale nello sviluppo della prossima generazione di esperti di turismo, mentre il settore turistico si sviluppa e si adatta alle mutevoli richieste del mercato e ai miglioramenti tecnologici. Gli studenti possono acquisire le conoscenze e le abilit\u00e0 necessarie per sfruttare le opportunit\u00e0 e le sfide del futuro utilizzando tecnologie all&#8217;avanguardia come le API di viaggio, l&#8217;AR e la VR.<\/span><\/p>\t\t\t\t\t\t\t\t<\/div>\n\t\t\t\t<\/div>\n\t\t\t\t\t<\/div>\n\t\t<\/div>\n\t\t\t\t\t<\/div>\n\t\t<\/section>\n\t\t\t\t<section class=\"elementor-section elementor-top-section elementor-element elementor-element-3f518f9 elementor-section-full_width elementor-section-height-min-height elementor-section-height-default elementor-section-items-middle\" data-id=\"3f518f9\" data-element_type=\"section\" data-e-type=\"section\" data-settings=\"{&quot;background_background&quot;:&quot;classic&quot;,&quot;background_motion_fx_motion_fx_scrolling&quot;:&quot;yes&quot;,&quot;background_motion_fx_translateY_effect&quot;:&quot;yes&quot;,&quot;background_motion_fx_translateY_speed&quot;:{&quot;unit&quot;:&quot;px&quot;,&quot;size&quot;:4,&quot;sizes&quot;:[]},&quot;background_motion_fx_translateY_affectedRange&quot;:{&quot;unit&quot;:&quot;%&quot;,&quot;size&quot;:&quot;&quot;,&quot;sizes&quot;:{&quot;start&quot;:0,&quot;end&quot;:100}},&quot;background_motion_fx_devices&quot;:[&quot;desktop&quot;,&quot;tablet&quot;,&quot;mobile&quot;]}\">\n\t\t\t\t\t\t<div class=\"elementor-container elementor-column-gap-no\">\n\t\t\t\t\t<div class=\"elementor-column elementor-col-100 elementor-top-column elementor-element elementor-element-e1d899a\" data-id=\"e1d899a\" data-element_type=\"column\" data-e-type=\"column\">\n\t\t\t<div class=\"elementor-widget-wrap\">\n\t\t\t\t\t\t\t<\/div>\n\t\t<\/div>\n\t\t\t\t\t<\/div>\n\t\t<\/section>\n\t\t\t\t<section class=\"elementor-section elementor-top-section elementor-element elementor-element-8bf36bf elementor-section-boxed elementor-section-height-default elementor-section-height-default\" data-id=\"8bf36bf\" data-element_type=\"section\" data-e-type=\"section\">\n\t\t\t\t\t\t<div class=\"elementor-container elementor-column-gap-default\">\n\t\t\t\t\t<div class=\"elementor-column elementor-col-100 elementor-top-column elementor-element elementor-element-af5c0cc\" data-id=\"af5c0cc\" data-element_type=\"column\" data-e-type=\"column\">\n\t\t\t<div class=\"elementor-widget-wrap elementor-element-populated\">\n\t\t\t\t\t\t<div class=\"elementor-element elementor-element-da3171f elementor-widget elementor-widget-text-editor\" data-id=\"da3171f\" data-element_type=\"widget\" data-e-type=\"widget\" data-widget_type=\"text-editor.default\">\n\t\t\t\t<div class=\"elementor-widget-container\">\n\t\t\t\t\t\t\t\t\t<p>Con la costante evoluzione della tecnologia, nascono nuovi metodi per implementarla nel processo educativo. La tecnologia nell&#8217;istruzione mira a favorire il processo di apprendimento e, allo stesso tempo, a far conoscere agli studenti gli strumenti digitali e le competenze necessarie per il loro futuro e la loro carriera. Quali sono quindi alcune delle tecnologie che entreranno nelle aule scolastiche in un futuro non troppo lontano?<\/p><ul><li><span style=\"color: var( --e-global-color-text ); font-family: var( --e-global-typography-text-font-family ), Sans-serif; font-weight: var( --e-global-typography-text-font-weight );\">Realt\u00e0 Aumentata (AR): La realt\u00e0 aumentata funziona applicando strati di materiale digitale al mondo reale e pu\u00f2 <\/span><u style=\"color: var( --e-global-color-text ); font-family: var( --e-global-typography-text-font-family ), Sans-serif; font-weight: var( --e-global-typography-text-font-weight );\">essere <\/u><span style=\"color: var( --e-global-color-text ); font-family: var( --e-global-typography-text-font-family ), Sans-serif; font-weight: var( --e-global-typography-text-font-weight );\">semplice come puntare una telecamera su un luogo, un oggetto o un monumento. Grazie alla sua natura in continuo sviluppo, \u00e8 considerata una delle tecnologie pi\u00f9 emergenti al mondo e, secondo gli studi condotti sulla AR e l&#8217;istruzione, \u00e8 stato ipotizzato che avr\u00e0 un impatto maggiore sul modo in cui l&#8217;istruzione viene vista gi\u00e0 entro il 2023. La Realt\u00e0 Aumentata sostiene di essere il modo migliore per catturare i sogni e l&#8217;immaginazione degli esseri umani e promette di aiutare gli studenti a catturare tale immaginazione con l&#8217;unico scopo di migliorare il loro processo di apprendimento.<\/span><\/li><li>Apprendimento adattivo: si tratta di una tecnologia che fornisce attivit\u00e0 di apprendimento agli studenti, in base alle loro esigenze e al loro stile\/comportamento di apprendimento. Aiuta gli studenti ad adattarsi a percorsi di apprendimento unici, interamente basati sui loro interessi e sulle loro capacit\u00e0 di apprendimento. Il sistema pu\u00f2 essere rimodellato, poich\u00e9 utilizza algoritmi informatici per orchestrare l&#8217;interazione con l&#8217;allievo, fornendo attivamente risorse personalizzate e attivit\u00e0 di apprendimento di alto livello per rispondere alle esigenze speciali di un allievo.<\/li><li>Tecnologie educative basate sull&#8217;IA: Grazie al suo approccio intelligente ai vari sistemi, il mondo ha iniziato a fidarsi della tecnologia AI per il suo sviluppo. La sua esistenza ha aiutato il mondo a evolversi e, fortunatamente, entro il 2023 l&#8217;istruzione \u00e8 destinata a sperimentare ulteriori livelli di evoluzione. L&#8217;IA rimodeller\u00e0 l&#8217;istruzione supportando la distribuzione di prospettive in prima persona. Questo pu\u00f2 essere utile quando gli studenti devono lavorare su saggi, tesine o ricerche su una specifica cultura o tradizione.<\/li><li>Tecnologia 5G: il 5G \u00e8 la quinta generazione della tecnologia wireless. Grazie ai suoi miglioramenti, gli studenti possono disporre di una tecnologia wireless ad alta velocit\u00e0 e bassa latenza, che promette download rapidi di file e risorse e reti pi\u00f9 potenti. Sono state avanzate anche proposte come quella di insegnanti olografici che possano condurre discussioni su argomenti specialistici o un migliore coinvolgimento nell&#8217;apprendimento a distanza attraverso esperienze di realt\u00e0 virtuale.<\/li><li>Automazione: L&#8217;automazione \u00e8 gi\u00e0 alla base di un&#8217;enorme parte dei settori economici e commerciali del mondo. Con l&#8217;automazione, gli studenti possono avere maggiori possibilit\u00e0 di ricevere automaticamente le lezioni in orari specifici, le lezioni possono essere programmate digitalmente e si pu\u00f2 adottare un modo migliore di utilizzare l&#8217;intelligenza artificiale.<\/li><li>Istruzione basata sulle competenze: Grazie a questa speciale tecnologia, gli studenti vengono abbinati ad attivit\u00e0 di apprendimento pensate per il loro livello di capacit\u00e0 di apprendimento. Fornisce un mezzo per far progredire la loro esperienza di apprendimento in base alla loro capacit\u00e0 di padroneggiare un&#8217;abilit\u00e0. Questo permette loro di imparare al proprio ritmo, indipendentemente dall&#8217;ambiente. Di conseguenza, gli studenti possono fornire in modo efficiente risultati migliori, misurando interamente sulla base della dimostrazione oggettiva di competenza di uno studente in una determinata area.<\/li><li>Analisi dell&#8217;apprendimento: Come tecnologia emergente, la learning analytics viene ora utilizzata dagli insegnanti per registrare meglio i comportamenti di apprendimento degli studenti, offrendo loro la possibilit\u00e0 di apportare miglioramenti mirati ai corsi. Nell&#8217;istruzione, il miglioramento \u00e8 un fattore molto importante che favorisce l&#8217;esperienza di apprendimento di ogni studente, e l&#8217;analitica dell&#8217;apprendimento contribuir\u00e0 a questo sforzo.<\/li><\/ul><p>Mentre le nuove tecnologie entrano costantemente nelle aule scolastiche, l&#8217;uso e l&#8217;educazione agli strumenti e alle competenze digitali si sono rivelati finora piuttosto deludenti. Secondo l&#8217;International Computer and Information Literacy Study (ICILS), nel 2018 pi\u00f9 di un terzo dei giovani non possedeva il livello pi\u00f9 elementare di competenze digitali. AURORA \u00e8 un progetto dell&#8217;UE costruito allo scopo di cambiare questi numeri, mirando a migliorare le abilit\u00e0 e le competenze digitali per la trasformazione digitale, come strumento per lo sviluppo di nuovi professionisti.<\/p>\t\t\t\t\t\t\t\t<\/div>\n\t\t\t\t<\/div>\n\t\t\t\t\t<\/div>\n\t\t<\/div>\n\t\t\t\t\t<\/div>\n\t\t<\/section>\n\t\t\t\t<\/div>\n\t\t","protected":false},"excerpt":{"rendered":"<p>La pandemia ha evidenziato la necessit\u00e0 di livelli pi\u00f9 elevati di capacit\u00e0 digitale nell&#8217;istruzione e nella formazione, nonch\u00e9 una serie di sfide per i sistemi di istruzione e formazione relative alle capacit\u00e0 digitali delle istituzioni scolastiche, alla formazione degli insegnanti e ai livelli generali di abilit\u00e0 e competenze digitali. Secondo l&#8217;International Computer and Information Literacy [&hellip;]<\/p>\n","protected":false},"author":1,"featured_media":311,"parent":0,"menu_order":0,"comment_status":"closed","ping_status":"closed","template":"","meta":{"footnotes":""},"class_list":["post-321","page","type-page","status-publish","has-post-thumbnail","hentry"],"_links":{"self":[{"href":"https:\/\/clf4d.dev\/aurora\/it\/wp-json\/wp\/v2\/pages\/321","targetHints":{"allow":["GET"]}}],"collection":[{"href":"https:\/\/clf4d.dev\/aurora\/it\/wp-json\/wp\/v2\/pages"}],"about":[{"href":"https:\/\/clf4d.dev\/aurora\/it\/wp-json\/wp\/v2\/types\/page"}],"author":[{"embeddable":true,"href":"https:\/\/clf4d.dev\/aurora\/it\/wp-json\/wp\/v2\/users\/1"}],"replies":[{"embeddable":true,"href":"https:\/\/clf4d.dev\/aurora\/it\/wp-json\/wp\/v2\/comments?post=321"}],"version-history":[{"count":7,"href":"https:\/\/clf4d.dev\/aurora\/it\/wp-json\/wp\/v2\/pages\/321\/revisions"}],"predecessor-version":[{"id":329,"href":"https:\/\/clf4d.dev\/aurora\/it\/wp-json\/wp\/v2\/pages\/321\/revisions\/329"}],"wp:featuredmedia":[{"embeddable":true,"href":"https:\/\/clf4d.dev\/aurora\/it\/wp-json\/wp\/v2\/media\/311"}],"wp:attachment":[{"href":"https:\/\/clf4d.dev\/aurora\/it\/wp-json\/wp\/v2\/media?parent=321"}],"curies":[{"name":"wp","href":"https:\/\/api.w.org\/{rel}","templated":true}]}}