{"id":288,"date":"2023-03-15T15:43:04","date_gmt":"2023-03-15T15:43:04","guid":{"rendered":"https:\/\/clf4d.dev\/aurora\/project\/"},"modified":"2023-03-20T11:18:08","modified_gmt":"2023-03-20T11:18:08","slug":"progetto","status":"publish","type":"page","link":"https:\/\/clf4d.dev\/aurora\/it\/progetto\/","title":{"rendered":"Progetto"},"content":{"rendered":"<p>Il progetto AURORA &#8211; Augmented Reality OERs Design for Territorial Attractiveness mira a fornire agli studenti le competenze tecniche di base per aumentare le loro opportunit\u00e0 di lavoro nel settore turistico e culturale. Il marketing aumentato si sta diffondendo sempre pi\u00f9 velocemente, soprattutto nel settore turistico, e la necessit\u00e0 di applicare strategie di marketing esperienziale sta crescendo. In questo senso, nuove professioni saranno molto richieste in futuro. Pertanto, \u00e8 necessario cambiare e migliorare le abilit\u00e0 e le competenze richieste dalla maggior parte delle professioni del settore turistico. Il progetto si concentra sul marketing territoriale a fini turistici, ma include l&#8217;acquisizione di competenze digitali che possono essere riutilizzate anche in altri settori.<\/p>\n<p>Nei prossimi due anni i partner di tre Paesi europei &#8211; Italia, Spagna e Paesi Bassi &#8211; riuniranno i loro sforzi per lavorare al progetto AURORA con l&#8217;obiettivo di:<\/p>\n<ul>\n<li>fornire agli studenti le competenze tecniche di base necessarie per le nuove professioni nel settore turistico e culturale;<\/li>\n<li>mettere in contatto gli studenti con le aziende locali, interpretando le loro esigenze e comprendendo il reale futuro occupazionale;<\/li>\n<li>contribuire alla valorizzazione del patrimonio culturale locale ed europeo.<\/li>\n<\/ul>\n<p><b>\u00a0<\/b><\/p>\n<p><b>Il progetto si rivolge a:<\/b><\/p>\n<ul>\n<li>studenti dell&#8217;istruzione e della formazione professionale impegnati nei settori del turismo, della comunicazione e del marketing, che potranno beneficiare dei risultati del progetto;<\/li>\n<li>insegnanti, che beneficeranno delle attivit\u00e0 del progetto acquisendo conoscenze che potranno trasferire anche agli studenti non direttamente coinvolti;<\/li>\n<li>le aziende\/stakeholder, che beneficeranno delle competenze digitali degli studenti una volta entrati nel mercato del lavoro.<\/li>\n<\/ul>\n<p>\u00a0<\/p>\n<p>Gli studenti e gli insegnanti che parteciperanno alle attivit\u00e0 del progetto provengono dalle due scuole partner: la scuola capofila, l&#8217;Istituto Omnicomprensivo di Giano dell&#8217;Umbria &#8211; Bastardo e il Centro de Formaci\u00f3n de Administraci\u00f3n y Hosteler\u00eda &#8211; San Sebastian.<\/p>\n","protected":false},"excerpt":{"rendered":"<p>Il progetto AURORA &#8211; Augmented Reality OERs Design for Territorial Attractiveness mira a fornire agli studenti le competenze tecniche di base per aumentare le loro opportunit\u00e0 di lavoro nel settore turistico e culturale. Il marketing aumentato si sta diffondendo sempre pi\u00f9 velocemente, soprattutto nel settore turistico, e la necessit\u00e0 di applicare strategie di marketing esperienziale [&hellip;]<\/p>\n","protected":false},"author":1,"featured_media":264,"parent":0,"menu_order":0,"comment_status":"closed","ping_status":"closed","template":"","meta":{"footnotes":""},"class_list":["post-288","page","type-page","status-publish","has-post-thumbnail","hentry"],"_links":{"self":[{"href":"https:\/\/clf4d.dev\/aurora\/it\/wp-json\/wp\/v2\/pages\/288","targetHints":{"allow":["GET"]}}],"collection":[{"href":"https:\/\/clf4d.dev\/aurora\/it\/wp-json\/wp\/v2\/pages"}],"about":[{"href":"https:\/\/clf4d.dev\/aurora\/it\/wp-json\/wp\/v2\/types\/page"}],"author":[{"embeddable":true,"href":"https:\/\/clf4d.dev\/aurora\/it\/wp-json\/wp\/v2\/users\/1"}],"replies":[{"embeddable":true,"href":"https:\/\/clf4d.dev\/aurora\/it\/wp-json\/wp\/v2\/comments?post=288"}],"version-history":[{"count":10,"href":"https:\/\/clf4d.dev\/aurora\/it\/wp-json\/wp\/v2\/pages\/288\/revisions"}],"predecessor-version":[{"id":328,"href":"https:\/\/clf4d.dev\/aurora\/it\/wp-json\/wp\/v2\/pages\/288\/revisions\/328"}],"wp:featuredmedia":[{"embeddable":true,"href":"https:\/\/clf4d.dev\/aurora\/it\/wp-json\/wp\/v2\/media\/264"}],"wp:attachment":[{"href":"https:\/\/clf4d.dev\/aurora\/it\/wp-json\/wp\/v2\/media?parent=288"}],"curies":[{"name":"wp","href":"https:\/\/api.w.org\/{rel}","templated":true}]}}